{"id":1527,"date":"2018-08-26T17:00:41","date_gmt":"2018-08-26T17:00:41","guid":{"rendered":"http:\/\/argukitchen.useful-pixels.com\/?page_id=1527"},"modified":"2023-05-19T14:59:41","modified_gmt":"2023-05-19T13:59:41","slug":"services","status":"publish","type":"page","link":"https:\/\/scavolinistorebrussels.com\/SSBWEB11\/services\/","title":{"rendered":"Services"},"content":{"rendered":"<p>[vc_row up_bg_fix=\u00a0\u00bbyes\u00a0\u00bb css=\u00a0\u00bb.vc_custom_1684504777802{background-image: url(https:\/\/scavolinistorebrussels.com\/SSBWEB11\/wp-content\/uploads\/2019\/01\/Delinea_21.png?id=4400) !important;background-position: center !important;background-repeat: no-repeat !important;background-size: cover !important;}\u00a0\u00bb up_overlay_row=\u00a0\u00bbrgba(31,40,47,0.9)\u00a0\u00bb][vc_column][vc_empty_space height=\u00a0\u00bb225px\u00a0\u00bb emsmh=\u00a0\u00bb100px\u00a0\u00bb][argu_breadcrumbs bread_position=\u00a0\u00bbbred_center\u00a0\u00bb bread_home_title=\u00a0\u00bbScavolini Store Brussels\u00a0\u00bb bread_color=\u00a0\u00bb#ffffff\u00a0\u00bb][vc_custom_heading text=\u00a0\u00bbR\u00e9alisez Votre Vision de la Maison Parfaite\u00a0\u00bb font_container=\u00a0\u00bbtag:h2|text_align:center|color:%23ffffff\u00a0\u00bb use_theme_fonts=\u00a0\u00bbyes\u00a0\u00bb el_class=\u00a0\u00bbtin\u00a0\u00bb][argu_separator sepopt=\u00a0\u00bbsimple\u00a0\u00bb bordersep=\u00a0\u00bbsep_border\u00a0\u00bb css_animation=\u00a0\u00bbappear\u00a0\u00bb borderpos=\u00a0\u00bbbpc\u00a0\u00bb bottom=\u00a0\u00bb20&Prime; borderwidth=\u00a0\u00bb62&Prime; bordercolor=\u00a0\u00bb#d5ac63&Prime; bordertick=\u00a0\u00bb3&Prime; top=\u00a0\u00bb10&Prime;][vc_custom_heading text=\u00a0\u00bbR\u00e9inventez Votre Maison avec Nos Services de Design pour les Cuisines, Salles de Bain, Salons et Pi\u00e8ces Adapt\u00e9s \u00e0 Vos Go\u00fbts\u00a0\u00bb font_container=\u00a0\u00bbtag:p|font_size:18|text_align:center|color:%23ffffff\u00a0\u00bb use_theme_fonts=\u00a0\u00bbyes\u00a0\u00bb][vc_empty_space height=\u00a0\u00bb225px\u00a0\u00bb emsmh=\u00a0\u00bb100px\u00a0\u00bb][\/vc_column][\/vc_row][vc_row css=\u00a0\u00bb.vc_custom_1553342917823{margin-top: -50px !important;background-color: #ffffff !important;}\u00a0\u00bb][vc_column width=\u00a0\u00bb1\/2&Prime;][argu_service_box_two sertitle_two=\u00a0\u00bbCuisines\u00a0\u00bb serdes_two=\u00a0\u00bbTransformez Votre Cuisine en un Espace de Vie Exceptionnel avec Notre Service de Design Sur Mesure\u00a0\u00bb servimg_two=\u00a0\u00bb4767&Prime; servlink_two=\u00a0\u00bb#\u00a0\u00bb sbtowcolorbg=\u00a0\u00bbrgba(31,40,47,0.9)\u00a0\u00bb sbtowcoloricon=\u00a0\u00bb#ffffff\u00a0\u00bb sbtowcolorlbl=\u00a0\u00bb#d5ac63&Prime;][vc_empty_space][\/vc_column][vc_column width=\u00a0\u00bb1\/2&Prime;][argu_service_box_two sertitle_two=\u00a0\u00bbSalles de Bain\u00a0\u00bb serdes_two=\u00a0\u00bbUne Salle de Bain Sur Mesure pour une Exp\u00e9rience de Spa \u00e0 Domicile.\u00a0\u00bb servimg_two=\u00a0\u00bb4769&Prime; servlink_two=\u00a0\u00bb#\u00a0\u00bb sbtowcolorbg=\u00a0\u00bbrgba(213,172,99,0.9)\u00a0\u00bb sbtowcoloricon=\u00a0\u00bb#ffffff\u00a0\u00bb][vc_empty_space][\/vc_column][\/vc_row][vc_row][vc_column width=\u00a0\u00bb1\/2&Prime;][argu_service_box_two sertitle_two=\u00a0\u00bbDressing\u00a0\u00bb serdes_two=\u00a0\u00bbR\u00e9volutionnez votre espace de rangement avec nos services de dressing sur mesure.\u00a0\u00bb servimg_two=\u00a0\u00bb4771&Prime; servlink_two=\u00a0\u00bb#\u00a0\u00bb sbtowcolorbg=\u00a0\u00bbrgba(213,172,99,0.9)\u00a0\u00bb sbtowcoloricon=\u00a0\u00bb#ffffff\u00a0\u00bb][vc_empty_space height=\u00a0\u00bb125px\u00a0\u00bb][\/vc_column][vc_column width=\u00a0\u00bb1\/2&Prime;][argu_service_box_two sertitle_two=\u00a0\u00bb\u00c9lectrom\u00e9nagers\u00a0\u00bb serdes_two=\u00a0\u00bbProfitez d&rsquo;une large s\u00e9lection d&rsquo;\u00e9lectrom\u00e9nagers toutes marques et b\u00e9n\u00e9ficiez de notre expertise en installation et r\u00e9paration.\u00a0\u00bb servimg_two=\u00a0\u00bb4773&Prime; servlink_two=\u00a0\u00bb#\u00a0\u00bb sbtowcolorbg=\u00a0\u00bbrgba(31,40,47,0.9)\u00a0\u00bb sbtowcoloricon=\u00a0\u00bb#ffffff\u00a0\u00bb][vc_empty_space height=\u00a0\u00bb125px\u00a0\u00bb][\/vc_column][\/vc_row][vc_row up_bg_fix=\u00a0\u00bbyes\u00a0\u00bb css=\u00a0\u00bb.vc_custom_1684504575243{background-image: url(https:\/\/scavolinistorebrussels.com\/SSBWEB11\/wp-content\/uploads\/2023\/04\/RUE-willems-45-SHOWROOM-scaled.jpg?id=4600) !important;background-position: center !important;background-repeat: no-repeat !important;background-size: cover !important;}\u00a0\u00bb up_overlay_row=\u00a0\u00bbrgba(31,40,47,0.9)\u00a0\u00bb][vc_column width=\u00a0\u00bb2\/3&Prime;][vc_empty_space height=\u00a0\u00bb106px\u00a0\u00bb emsmh=\u00a0\u00bb40px\u00a0\u00bb][vc_custom_heading text=\u00a0\u00bbScavolini Store Brussels\u00a0\u00bb font_container=\u00a0\u00bbtag:h2|text_align:left|color:%23ffffff\u00a0\u00bb use_theme_fonts=\u00a0\u00bbyes\u00a0\u00bb el_class=\u00a0\u00bbtin\u00a0\u00bb][vc_custom_heading text=\u00a0\u00bbVotre destination pour des solutions de design sur mesure et un service exceptionnel.\u00a0\u00bb font_container=\u00a0\u00bbtag:p|font_size:21px|text_align:left|color:%23ffffff|line_height:27px\u00a0\u00bb use_theme_fonts=\u00a0\u00bbyes\u00a0\u00bb][vc_empty_space height=\u00a0\u00bb10px\u00a0\u00bb][vc_column_text css=\u00a0\u00bb.vc_custom_1684504423894{padding-right: 6% !important;}\u00a0\u00bb]<span style=\"color: #bdbdbd;\"><br \/>\nCuisines d&rsquo;exception : Fusion parfaite de style et fonctionnalit\u00e9.<br \/>\nSalles de bains luxueuses : D\u00e9tente et \u00e9l\u00e9gance dans chaque d\u00e9tail.<br \/>\nDressings sur mesure : Organisation et style personnalis\u00e9s.<br \/>\n\u00c9lectrom\u00e9nagers de qualit\u00e9 : Performance et design de premier choix.<\/span>[\/vc_column_text][vc_empty_space height=\u00a0\u00bb40px\u00a0\u00bb][vc_button color=\u00a0\u00bbup_btn-s\u00a0\u00bb bt_customcolor=\u00a0\u00bb#ffffff\u00a0\u00bb bg_customcolor=\u00a0\u00bb#34393f\u00a0\u00bb title=\u00a0\u00bbSavoir Plus\u00a0\u00bb href=\u00a0\u00bb#\u00a0\u00bb][vc_empty_space height=\u00a0\u00bb125px\u00a0\u00bb][\/vc_column][vc_column width=\u00a0\u00bb1\/3&Prime;][vc_empty_space height=\u00a0\u00bb125px\u00a0\u00bb][\/vc_column][\/vc_row][vc_row css=\u00a0\u00bb.vc_custom_1553347503134{background-color: #41484e !important;}\u00a0\u00bb el_class=\u00a0\u00bbshadow\u00a0\u00bb][vc_column width=\u00a0\u00bb3\/4&Prime;][vc_empty_space height=\u00a0\u00bb59px\u00a0\u00bb][vc_custom_heading text=\u00a0\u00bbExplorez notre boutique en ligne pour des achats pratiques.\u00a0\u00bb font_container=\u00a0\u00bbtag:h3|text_align:left|color:%23ffffff\u00a0\u00bb use_theme_fonts=\u00a0\u00bbyes\u00a0\u00bb el_class=\u00a0\u00bbmobcenter\u00a0\u00bb][vc_empty_space height=\u00a0\u00bb58px\u00a0\u00bb][\/vc_column][vc_column width=\u00a0\u00bb1\/4&Prime;][vc_empty_space height=\u00a0\u00bb63px\u00a0\u00bb][vc_button color=\u00a0\u00bbup_btn-s\u00a0\u00bb bt_customcolor=\u00a0\u00bb#ffffff\u00a0\u00bb bg_customcolor=\u00a0\u00bb#34393f\u00a0\u00bb align=\u00a0\u00bbright\u00a0\u00bb title=\u00a0\u00bbSHOP\u00a0\u00bb href=\u00a0\u00bb#\u00a0\u00bb icon=\u00a0\u00bbfa-shopping-basket\u00a0\u00bb][vc_empty_space height=\u00a0\u00bb10px\u00a0\u00bb][\/vc_column][\/vc_row]<\/p>\n","protected":false},"excerpt":{"rendered":"<p>[vc_row up_bg_fix=\u00a0\u00bbyes\u00a0\u00bb css=\u00a0\u00bb.vc_custom_1684504777802{background-image: url(https:\/\/scavolinistorebrussels.com\/SSBWEB11\/wp-content\/uploads\/2019\/01\/Delinea_21.png?id=4400) !important;background-position: center !important;background-repeat: no-repeat !important;background-size: cover !important;}\u00a0\u00bb up_overlay_row=\u00a0\u00bbrgba(31,40,47,0.9)\u00a0\u00bb][vc_column][vc_empty_space height=\u00a0\u00bb225px\u00a0\u00bb emsmh=\u00a0\u00bb100px\u00a0\u00bb][argu_breadcrumbs bread_position=\u00a0\u00bbbred_center\u00a0\u00bb bread_home_title=\u00a0\u00bbScavolini Store Brussels\u00a0\u00bb bread_color=\u00a0\u00bb#ffffff\u00a0\u00bb][vc_custom_heading text=\u00a0\u00bbR\u00e9alisez Votre Vision de la Maison Parfaite\u00a0\u00bb font_container=\u00a0\u00bbtag:h2|text_align:center|color:%23ffffff\u00a0\u00bb use_theme_fonts=\u00a0\u00bbyes\u00a0\u00bb el_class=\u00a0\u00bbtin\u00a0\u00bb][argu_separator sepopt=\u00a0\u00bbsimple\u00a0\u00bb bordersep=\u00a0\u00bbsep_border\u00a0\u00bb css_animation=\u00a0\u00bbappear\u00a0\u00bb borderpos=\u00a0\u00bbbpc\u00a0\u00bb bottom=\u00a0\u00bb20&Prime; borderwidth=\u00a0\u00bb62&Prime; bordercolor=\u00a0\u00bb#d5ac63&Prime; bordertick=\u00a0\u00bb3&Prime; top=\u00a0\u00bb10&Prime;][vc_custom_heading text=\u00a0\u00bbR\u00e9inventez Votre Maison avec Nos Services de Design pour les Cuisines, Salles de Bain, Salons et Pi\u00e8ces Adapt\u00e9s \u00e0 Vos Go\u00fbts\u00a0\u00bb font_container=\u00a0\u00bbtag:p|font_size:18|text_align:center|color:%23ffffff\u00a0\u00bb use_theme_fonts=\u00a0\u00bbyes\u00a0\u00bb][vc_empty_space height=\u00a0\u00bb225px\u00a0\u00bb emsmh=\u00a0\u00bb100px\u00a0\u00bb][\/vc_column][\/vc_row][vc_row css=\u00a0\u00bb.vc_custom_1553342917823{margin-top: -50px !important;background-color: #ffffff !important;}\u00a0\u00bb][vc_column width=\u00a0\u00bb1\/2&Prime;][argu_service_box_two sertitle_two=\u00a0\u00bbCuisines\u00a0\u00bb serdes_two=\u00a0\u00bbTransformez Votre Cuisine en un Espace de Vie Exceptionnel avec Notre Service de Design Sur Mesure\u00a0\u00bb servimg_two=\u00a0\u00bb4767&Prime; servlink_two=\u00a0\u00bb#\u00a0\u00bb sbtowcolorbg=\u00a0\u00bbrgba(31,40,47,0.9)\u00a0\u00bb sbtowcoloricon=\u00a0\u00bb#ffffff\u00a0\u00bb sbtowcolorlbl=\u00a0\u00bb#d5ac63&Prime;][vc_empty_space][\/vc_column][vc_column width=\u00a0\u00bb1\/2&Prime;][argu_service_box_two sertitle_two=\u00a0\u00bbSalles de Bain\u00a0\u00bb serdes_two=\u00a0\u00bbUne Salle de Bain Sur &hellip; <a href=\"https:\/\/scavolinistorebrussels.com\/SSBWEB11\/services\/\">Continued<\/a><\/p>\n","protected":false},"author":3,"featured_media":0,"parent":0,"menu_order":0,"comment_status":"closed","ping_status":"closed","template":"page-fullwidth.php","meta":[],"yoast_head":"<!-- This site is optimized with the Yoast SEO plugin v20.10 - https:\/\/yoast.com\/wordpress\/plugins\/seo\/ -->\n<title>Services - Scavolini Store Brussels Officiel<\/title>\n<meta name=\"description\" content=\"D\u00e9couvrez nos services exceptionnels pour cuisines, salles de bains, dressings et \u00e9lectrom\u00e9nagers. Offrant des solutions sur mesure, des produits de qualit\u00e9 et un savoir-faire professionnel, nous transformons votre maison en un espace fonctionnel, \u00e9l\u00e9gant et moderne.\" \/>\n<meta name=\"robots\" content=\"index, follow, max-snippet:-1, max-image-preview:large, max-video-preview:-1\" \/>\n<link rel=\"canonical\" href=\"https:\/\/scavolinistorebrussels.com\/SSBWEB11\/services\/\" \/>\n<meta property=\"og:locale\" content=\"fr_FR\" \/>\n<meta property=\"og:type\" content=\"article\" \/>\n<meta property=\"og:title\" content=\"Services - Scavolini Store Brussels Officiel\" \/>\n<meta property=\"og:description\" content=\"D\u00e9couvrez nos services exceptionnels pour cuisines, salles de bains, dressings et \u00e9lectrom\u00e9nagers. Offrant des solutions sur mesure, des produits de qualit\u00e9 et un savoir-faire professionnel, nous transformons votre maison en un espace fonctionnel, \u00e9l\u00e9gant et moderne.\" \/>\n<meta property=\"og:url\" content=\"https:\/\/scavolinistorebrussels.com\/SSBWEB11\/services\/\" \/>\n<meta property=\"og:site_name\" content=\"Scavolini Store Brussels Officiel\" \/>\n<meta property=\"article:modified_time\" content=\"2023-05-19T13:59:41+00:00\" \/>\n<meta name=\"twitter:label1\" content=\"Dur\u00e9e de lecture estim\u00e9e\" \/>\n\t<meta name=\"twitter:data1\" content=\"2 minutes\" \/>\n<script type=\"application\/ld+json\" class=\"yoast-schema-graph\">{\"@context\":\"https:\/\/schema.org\",\"@graph\":[{\"@type\":\"WebPage\",\"@id\":\"https:\/\/scavolinistorebrussels.com\/SSBWEB11\/services\/\",\"url\":\"https:\/\/scavolinistorebrussels.com\/SSBWEB11\/services\/\",\"name\":\"Services - Scavolini Store Brussels Officiel\",\"isPartOf\":{\"@id\":\"https:\/\/scavolinistorebrussels.com\/SSBWEB11\/#website\"},\"datePublished\":\"2018-08-26T17:00:41+00:00\",\"dateModified\":\"2023-05-19T13:59:41+00:00\",\"description\":\"D\u00e9couvrez nos services exceptionnels pour cuisines, salles de bains, dressings et \u00e9lectrom\u00e9nagers. Offrant des solutions sur mesure, des produits de qualit\u00e9 et un savoir-faire professionnel, nous transformons votre maison en un espace fonctionnel, \u00e9l\u00e9gant et moderne.\",\"breadcrumb\":{\"@id\":\"https:\/\/scavolinistorebrussels.com\/SSBWEB11\/services\/#breadcrumb\"},\"inLanguage\":\"fr-FR\",\"potentialAction\":[{\"@type\":\"ReadAction\",\"target\":[\"https:\/\/scavolinistorebrussels.com\/SSBWEB11\/services\/\"]}]},{\"@type\":\"BreadcrumbList\",\"@id\":\"https:\/\/scavolinistorebrussels.com\/SSBWEB11\/services\/#breadcrumb\",\"itemListElement\":[{\"@type\":\"ListItem\",\"position\":1,\"name\":\"Accueil\",\"item\":\"https:\/\/scavolinistorebrussels.com\/SSBWEB11\/\"},{\"@type\":\"ListItem\",\"position\":2,\"name\":\"Services\"}]},{\"@type\":\"WebSite\",\"@id\":\"https:\/\/scavolinistorebrussels.com\/SSBWEB11\/#website\",\"url\":\"https:\/\/scavolinistorebrussels.com\/SSBWEB11\/\",\"name\":\"Scavolini Store Brussels Officiel\",\"description\":\"Scavolini : La qualit\u00e9 italienne en meubles sur mesure \u00e0 Bruxelles.\",\"potentialAction\":[{\"@type\":\"SearchAction\",\"target\":{\"@type\":\"EntryPoint\",\"urlTemplate\":\"https:\/\/scavolinistorebrussels.com\/SSBWEB11\/?s={search_term_string}\"},\"query-input\":\"required name=search_term_string\"}],\"inLanguage\":\"fr-FR\"}]}<\/script>\n<!-- \/ Yoast SEO plugin. -->","yoast_head_json":{"title":"Services - Scavolini Store Brussels Officiel","description":"D\u00e9couvrez nos services exceptionnels pour cuisines, salles de bains, dressings et \u00e9lectrom\u00e9nagers. Offrant des solutions sur mesure, des produits de qualit\u00e9 et un savoir-faire professionnel, nous transformons votre maison en un espace fonctionnel, \u00e9l\u00e9gant et moderne.","robots":{"index":"index","follow":"follow","max-snippet":"max-snippet:-1","max-image-preview":"max-image-preview:large","max-video-preview":"max-video-preview:-1"},"canonical":"https:\/\/scavolinistorebrussels.com\/SSBWEB11\/services\/","og_locale":"fr_FR","og_type":"article","og_title":"Services - Scavolini Store Brussels Officiel","og_description":"D\u00e9couvrez nos services exceptionnels pour cuisines, salles de bains, dressings et \u00e9lectrom\u00e9nagers. Offrant des solutions sur mesure, des produits de qualit\u00e9 et un savoir-faire professionnel, nous transformons votre maison en un espace fonctionnel, \u00e9l\u00e9gant et moderne.","og_url":"https:\/\/scavolinistorebrussels.com\/SSBWEB11\/services\/","og_site_name":"Scavolini Store Brussels Officiel","article_modified_time":"2023-05-19T13:59:41+00:00","twitter_misc":{"Dur\u00e9e de lecture estim\u00e9e":"2 minutes"},"schema":{"@context":"https:\/\/schema.org","@graph":[{"@type":"WebPage","@id":"https:\/\/scavolinistorebrussels.com\/SSBWEB11\/services\/","url":"https:\/\/scavolinistorebrussels.com\/SSBWEB11\/services\/","name":"Services - Scavolini Store Brussels Officiel","isPartOf":{"@id":"https:\/\/scavolinistorebrussels.com\/SSBWEB11\/#website"},"datePublished":"2018-08-26T17:00:41+00:00","dateModified":"2023-05-19T13:59:41+00:00","description":"D\u00e9couvrez nos services exceptionnels pour cuisines, salles de bains, dressings et \u00e9lectrom\u00e9nagers. Offrant des solutions sur mesure, des produits de qualit\u00e9 et un savoir-faire professionnel, nous transformons votre maison en un espace fonctionnel, \u00e9l\u00e9gant et moderne.","breadcrumb":{"@id":"https:\/\/scavolinistorebrussels.com\/SSBWEB11\/services\/#breadcrumb"},"inLanguage":"fr-FR","potentialAction":[{"@type":"ReadAction","target":["https:\/\/scavolinistorebrussels.com\/SSBWEB11\/services\/"]}]},{"@type":"BreadcrumbList","@id":"https:\/\/scavolinistorebrussels.com\/SSBWEB11\/services\/#breadcrumb","itemListElement":[{"@type":"ListItem","position":1,"name":"Accueil","item":"https:\/\/scavolinistorebrussels.com\/SSBWEB11\/"},{"@type":"ListItem","position":2,"name":"Services"}]},{"@type":"WebSite","@id":"https:\/\/scavolinistorebrussels.com\/SSBWEB11\/#website","url":"https:\/\/scavolinistorebrussels.com\/SSBWEB11\/","name":"Scavolini Store Brussels Officiel","description":"Scavolini : La qualit\u00e9 italienne en meubles sur mesure \u00e0 Bruxelles.","potentialAction":[{"@type":"SearchAction","target":{"@type":"EntryPoint","urlTemplate":"https:\/\/scavolinistorebrussels.com\/SSBWEB11\/?s={search_term_string}"},"query-input":"required name=search_term_string"}],"inLanguage":"fr-FR"}]}},"_links":{"self":[{"href":"https:\/\/scavolinistorebrussels.com\/SSBWEB11\/wp-json\/wp\/v2\/pages\/1527"}],"collection":[{"href":"https:\/\/scavolinistorebrussels.com\/SSBWEB11\/wp-json\/wp\/v2\/pages"}],"about":[{"href":"https:\/\/scavolinistorebrussels.com\/SSBWEB11\/wp-json\/wp\/v2\/types\/page"}],"author":[{"embeddable":true,"href":"https:\/\/scavolinistorebrussels.com\/SSBWEB11\/wp-json\/wp\/v2\/users\/3"}],"replies":[{"embeddable":true,"href":"https:\/\/scavolinistorebrussels.com\/SSBWEB11\/wp-json\/wp\/v2\/comments?post=1527"}],"version-history":[{"count":12,"href":"https:\/\/scavolinistorebrussels.com\/SSBWEB11\/wp-json\/wp\/v2\/pages\/1527\/revisions"}],"predecessor-version":[{"id":4779,"href":"https:\/\/scavolinistorebrussels.com\/SSBWEB11\/wp-json\/wp\/v2\/pages\/1527\/revisions\/4779"}],"wp:attachment":[{"href":"https:\/\/scavolinistorebrussels.com\/SSBWEB11\/wp-json\/wp\/v2\/media?parent=1527"}],"curies":[{"name":"wp","href":"https:\/\/api.w.org\/{rel}","templated":true}]}}