{"id":20,"date":"2016-01-20T13:05:34","date_gmt":"2016-01-20T13:05:34","guid":{"rendered":"http:\/\/sp.useful-pixels.com\/?page_id=20"},"modified":"2023-05-15T10:33:27","modified_gmt":"2023-05-15T09:33:27","slug":"collection_produits","status":"publish","type":"page","link":"https:\/\/scavolinistorebrussels.com\/SSBWEB11\/collection_produits\/","title":{"rendered":"Collection de Produits"},"content":{"rendered":"<p>[vc_row up_bg_fix=\u00a0\u00bbyes\u00a0\u00bb css=\u00a0\u00bb.vc_custom_1682329792380{background-image: url(https:\/\/scavolinistorebrussels.com\/SSBWEB11\/wp-content\/uploads\/2019\/01\/DELINEA-EXPO-SHOWROOM-WEB-30899-1-scaled.jpg?id=4537) !important;background-position: center !important;background-repeat: no-repeat !important;background-size: cover !important;}\u00a0\u00bb up_overlay_row=\u00a0\u00bbrgba(31,40,47,0.9)\u00a0\u00bb][vc_column width=\u00a0\u00bb1\/4&Prime;][\/vc_column][vc_column width=\u00a0\u00bb1\/2&Prime;][vc_empty_space height=\u00a0\u00bb165px\u00a0\u00bb emsmh=\u00a0\u00bb100px\u00a0\u00bb][argu_breadcrumbs bread_position=\u00a0\u00bbbred_center\u00a0\u00bb bread_home_title=\u00a0\u00bbScavolini Store Brussels\u00a0\u00bb bread_color=\u00a0\u00bb#ffffff\u00a0\u00bb][vc_custom_heading text=\u00a0\u00bbParcourez Notre Collection\u00a0\u00bb font_container=\u00a0\u00bbtag:h1|text_align:center|color:%23ffffff\u00a0\u00bb use_theme_fonts=\u00a0\u00bbyes\u00a0\u00bb el_class=\u00a0\u00bbtin\u00a0\u00bb][argu_separator sepopt=\u00a0\u00bbsimple\u00a0\u00bb bordersep=\u00a0\u00bbsep_border\u00a0\u00bb css_animation=\u00a0\u00bbappear\u00a0\u00bb borderpos=\u00a0\u00bbbpc\u00a0\u00bb top=\u00a0\u00bb10&Prime; bottom=\u00a0\u00bb20&Prime; borderwidth=\u00a0\u00bb62&Prime; bordercolor=\u00a0\u00bb#d5ac63&Prime; bordertick=\u00a0\u00bb3&Prime;][vc_custom_heading text=\u00a0\u00bbUne vari\u00e9t\u00e9 de styles pour r\u00e9pondre \u00e0 vos besoins de design int\u00e9rieur.\u00a0\u00bb font_container=\u00a0\u00bbtag:h4|text_align:center|color:%23ffffff\u00a0\u00bb use_theme_fonts=\u00a0\u00bbyes\u00a0\u00bb][vc_empty_space height=\u00a0\u00bb185px\u00a0\u00bb emsmh=\u00a0\u00bb80px\u00a0\u00bb][\/vc_column][vc_column width=\u00a0\u00bb1\/4&Prime;][\/vc_column][\/vc_row][vc_row][vc_column][vc_empty_space height=\u00a0\u00bb40px\u00a0\u00bb emsmh=\u00a0\u00bb30px\u00a0\u00bb][argu_grid_portofoliio porcol=\u00a0\u00bb3&Prime; filter=\u00a0\u00bbyes\u00a0\u00bb show_more_grid=\u00a0\u00bbyes\u00a0\u00bb perpage=\u00a0\u00bb9&Prime; gpbtn=\u00a0\u00bbgfno\u00a0\u00bb][vc_empty_space height=\u00a0\u00bb40px\u00a0\u00bb emsmh=\u00a0\u00bb30px\u00a0\u00bb][\/vc_column][\/vc_row][vc_row css=\u00a0\u00bb.vc_custom_1553354804352{background-color: #41484e !important;}\u00a0\u00bb el_class=\u00a0\u00bbshadow\u00a0\u00bb][vc_column width=\u00a0\u00bb3\/4&Prime;][vc_empty_space height=\u00a0\u00bb77px\u00a0\u00bb emsmh=\u00a0\u00bb40px\u00a0\u00bb][vc_custom_heading text=\u00a0\u00bbNotre \u00e9quipe est pr\u00eate \u00e0 transformer votre vision en r\u00e9alit\u00e9.\u00a0\u00bb font_container=\u00a0\u00bbtag:h2|text_align:left|color:%23ffffff\u00a0\u00bb use_theme_fonts=\u00a0\u00bbyes\u00a0\u00bb el_class=\u00a0\u00bbtin\u00a0\u00bb][vc_column_text]<\/p>\n<p style=\"color: #fff;\">Contactez-nous d\u00e8s maintenant au <span style=\"color: #d5ac63;\">02 414 07 17<\/span><\/p>\n<p>[\/vc_column_text][vc_empty_space height=\u00a0\u00bb99px\u00a0\u00bb][\/vc_column][vc_column width=\u00a0\u00bb1\/4&Prime;][vc_empty_space height=\u00a0\u00bb115px\u00a0\u00bb][vc_button color=\u00a0\u00bbup_btn-s\u00a0\u00bb bt_customcolor=\u00a0\u00bb#ffffff\u00a0\u00bb bg_customcolor=\u00a0\u00bb#d5ac63&Prime; align=\u00a0\u00bbright\u00a0\u00bb title=\u00a0\u00bbContactez nous\u00a0\u00bb href=\u00a0\u00bbhttps:\/\/scavolinistorebrussels.com\/SSBWEB11\/find-us\/\u00a0\u00bb][vc_empty_space emsmh=\u00a0\u00bb55px\u00a0\u00bb][\/vc_column][\/vc_row]<\/p>\n","protected":false},"excerpt":{"rendered":"<p>[vc_row up_bg_fix=\u00a0\u00bbyes\u00a0\u00bb css=\u00a0\u00bb.vc_custom_1682329792380{background-image: url(https:\/\/scavolinistorebrussels.com\/SSBWEB11\/wp-content\/uploads\/2019\/01\/DELINEA-EXPO-SHOWROOM-WEB-30899-1-scaled.jpg?id=4537) !important;background-position: center !important;background-repeat: no-repeat !important;background-size: cover !important;}\u00a0\u00bb up_overlay_row=\u00a0\u00bbrgba(31,40,47,0.9)\u00a0\u00bb][vc_column width=\u00a0\u00bb1\/4&Prime;][\/vc_column][vc_column width=\u00a0\u00bb1\/2&Prime;][vc_empty_space height=\u00a0\u00bb165px\u00a0\u00bb emsmh=\u00a0\u00bb100px\u00a0\u00bb][argu_breadcrumbs bread_position=\u00a0\u00bbbred_center\u00a0\u00bb bread_home_title=\u00a0\u00bbScavolini Store Brussels\u00a0\u00bb bread_color=\u00a0\u00bb#ffffff\u00a0\u00bb][vc_custom_heading text=\u00a0\u00bbParcourez Notre Collection\u00a0\u00bb font_container=\u00a0\u00bbtag:h1|text_align:center|color:%23ffffff\u00a0\u00bb use_theme_fonts=\u00a0\u00bbyes\u00a0\u00bb el_class=\u00a0\u00bbtin\u00a0\u00bb][argu_separator sepopt=\u00a0\u00bbsimple\u00a0\u00bb bordersep=\u00a0\u00bbsep_border\u00a0\u00bb css_animation=\u00a0\u00bbappear\u00a0\u00bb borderpos=\u00a0\u00bbbpc\u00a0\u00bb top=\u00a0\u00bb10&Prime; bottom=\u00a0\u00bb20&Prime; borderwidth=\u00a0\u00bb62&Prime; bordercolor=\u00a0\u00bb#d5ac63&Prime; bordertick=\u00a0\u00bb3&Prime;][vc_custom_heading text=\u00a0\u00bbUne vari\u00e9t\u00e9 de styles pour r\u00e9pondre \u00e0 vos besoins de design int\u00e9rieur.\u00a0\u00bb font_container=\u00a0\u00bbtag:h4|text_align:center|color:%23ffffff\u00a0\u00bb use_theme_fonts=\u00a0\u00bbyes\u00a0\u00bb][vc_empty_space height=\u00a0\u00bb185px\u00a0\u00bb emsmh=\u00a0\u00bb80px\u00a0\u00bb][\/vc_column][vc_column width=\u00a0\u00bb1\/4&Prime;][\/vc_column][\/vc_row][vc_row][vc_column][vc_empty_space height=\u00a0\u00bb40px\u00a0\u00bb emsmh=\u00a0\u00bb30px\u00a0\u00bb][argu_grid_portofoliio porcol=\u00a0\u00bb3&Prime; filter=\u00a0\u00bbyes\u00a0\u00bb show_more_grid=\u00a0\u00bbyes\u00a0\u00bb perpage=\u00a0\u00bb9&Prime; gpbtn=\u00a0\u00bbgfno\u00a0\u00bb][vc_empty_space height=\u00a0\u00bb40px\u00a0\u00bb emsmh=\u00a0\u00bb30px\u00a0\u00bb][\/vc_column][\/vc_row][vc_row css=\u00a0\u00bb.vc_custom_1553354804352{background-color: #41484e !important;}\u00a0\u00bb el_class=\u00a0\u00bbshadow\u00a0\u00bb][vc_column width=\u00a0\u00bb3\/4&Prime;][vc_empty_space height=\u00a0\u00bb77px\u00a0\u00bb emsmh=\u00a0\u00bb40px\u00a0\u00bb][vc_custom_heading text=\u00a0\u00bbNotre \u00e9quipe est pr\u00eate \u00e0 transformer votre vision en r\u00e9alit\u00e9.\u00a0\u00bb font_container=\u00a0\u00bbtag:h2|text_align:left|color:%23ffffff\u00a0\u00bb use_theme_fonts=\u00a0\u00bbyes\u00a0\u00bb el_class=\u00a0\u00bbtin\u00a0\u00bb][vc_column_text] Contactez-nous d\u00e8s maintenant au 02 414 07 17 [\/vc_column_text][vc_empty_space height=\u00a0\u00bb99px\u00a0\u00bb][\/vc_column][vc_column width=\u00a0\u00bb1\/4&Prime;][vc_empty_space height=\u00a0\u00bb115px\u00a0\u00bb][vc_button color=\u00a0\u00bbup_btn-s\u00a0\u00bb bt_customcolor=\u00a0\u00bb#ffffff\u00a0\u00bb bg_customcolor=\u00a0\u00bb#d5ac63&Prime; align=\u00a0\u00bbright\u00a0\u00bb title=\u00a0\u00bbContactez nous\u00a0\u00bb &hellip; <a href=\"https:\/\/scavolinistorebrussels.com\/SSBWEB11\/collection_produits\/\">Continued<\/a><\/p>\n","protected":false},"author":3,"featured_media":0,"parent":0,"menu_order":0,"comment_status":"closed","ping_status":"closed","template":"page-fullwidth.php","meta":[],"yoast_head":"<!-- This site is optimized with the Yoast SEO plugin v20.10 - https:\/\/yoast.com\/wordpress\/plugins\/seo\/ -->\n<title>Collection de Produits - Scavolini Store Brussels Officiel<\/title>\n<meta name=\"description\" content=\"D\u00e9couvrez notre collection de produits Scavolini pour votre maison. Des cuisines modernes et fonctionnelles, des salles de bains \u00e9l\u00e9gantes et des meubles sur mesure pour r\u00e9pondre \u00e0 tous vos besoins. Visitez notre site pour en savoir plus et trouver l&#039;inspiration pour votre prochain projet de r\u00e9novation.\" \/>\n<meta name=\"robots\" content=\"index, follow, max-snippet:-1, max-image-preview:large, max-video-preview:-1\" \/>\n<link rel=\"canonical\" href=\"https:\/\/scavolinistorebrussels.com\/SSBWEB11\/collection_produits\/\" \/>\n<meta property=\"og:locale\" content=\"fr_FR\" \/>\n<meta property=\"og:type\" content=\"article\" \/>\n<meta property=\"og:title\" content=\"Collection de Produits - Scavolini Store Brussels Officiel\" \/>\n<meta property=\"og:description\" content=\"D\u00e9couvrez notre collection de produits Scavolini pour votre maison. Des cuisines modernes et fonctionnelles, des salles de bains \u00e9l\u00e9gantes et des meubles sur mesure pour r\u00e9pondre \u00e0 tous vos besoins. Visitez notre site pour en savoir plus et trouver l&#039;inspiration pour votre prochain projet de r\u00e9novation.\" \/>\n<meta property=\"og:url\" content=\"https:\/\/scavolinistorebrussels.com\/SSBWEB11\/collection_produits\/\" \/>\n<meta property=\"og:site_name\" content=\"Scavolini Store Brussels Officiel\" \/>\n<meta property=\"article:modified_time\" content=\"2023-05-15T09:33:27+00:00\" \/>\n<meta name=\"twitter:label1\" content=\"Dur\u00e9e de lecture estim\u00e9e\" \/>\n\t<meta name=\"twitter:data1\" content=\"1 minute\" \/>\n<script type=\"application\/ld+json\" class=\"yoast-schema-graph\">{\"@context\":\"https:\/\/schema.org\",\"@graph\":[{\"@type\":\"WebPage\",\"@id\":\"https:\/\/scavolinistorebrussels.com\/SSBWEB11\/collection_produits\/\",\"url\":\"https:\/\/scavolinistorebrussels.com\/SSBWEB11\/collection_produits\/\",\"name\":\"Collection de Produits - Scavolini Store Brussels Officiel\",\"isPartOf\":{\"@id\":\"https:\/\/scavolinistorebrussels.com\/SSBWEB11\/#website\"},\"datePublished\":\"2016-01-20T13:05:34+00:00\",\"dateModified\":\"2023-05-15T09:33:27+00:00\",\"description\":\"D\u00e9couvrez notre collection de produits Scavolini pour votre maison. Des cuisines modernes et fonctionnelles, des salles de bains \u00e9l\u00e9gantes et des meubles sur mesure pour r\u00e9pondre \u00e0 tous vos besoins. Visitez notre site pour en savoir plus et trouver l'inspiration pour votre prochain projet de r\u00e9novation.\",\"breadcrumb\":{\"@id\":\"https:\/\/scavolinistorebrussels.com\/SSBWEB11\/collection_produits\/#breadcrumb\"},\"inLanguage\":\"fr-FR\",\"potentialAction\":[{\"@type\":\"ReadAction\",\"target\":[\"https:\/\/scavolinistorebrussels.com\/SSBWEB11\/collection_produits\/\"]}]},{\"@type\":\"BreadcrumbList\",\"@id\":\"https:\/\/scavolinistorebrussels.com\/SSBWEB11\/collection_produits\/#breadcrumb\",\"itemListElement\":[{\"@type\":\"ListItem\",\"position\":1,\"name\":\"Accueil\",\"item\":\"https:\/\/scavolinistorebrussels.com\/SSBWEB11\/\"},{\"@type\":\"ListItem\",\"position\":2,\"name\":\"Collection de Produits\"}]},{\"@type\":\"WebSite\",\"@id\":\"https:\/\/scavolinistorebrussels.com\/SSBWEB11\/#website\",\"url\":\"https:\/\/scavolinistorebrussels.com\/SSBWEB11\/\",\"name\":\"Scavolini Store Brussels Officiel\",\"description\":\"Scavolini : La qualit\u00e9 italienne en meubles sur mesure \u00e0 Bruxelles.\",\"potentialAction\":[{\"@type\":\"SearchAction\",\"target\":{\"@type\":\"EntryPoint\",\"urlTemplate\":\"https:\/\/scavolinistorebrussels.com\/SSBWEB11\/?s={search_term_string}\"},\"query-input\":\"required name=search_term_string\"}],\"inLanguage\":\"fr-FR\"}]}<\/script>\n<!-- \/ Yoast SEO plugin. -->","yoast_head_json":{"title":"Collection de Produits - Scavolini Store Brussels Officiel","description":"D\u00e9couvrez notre collection de produits Scavolini pour votre maison. Des cuisines modernes et fonctionnelles, des salles de bains \u00e9l\u00e9gantes et des meubles sur mesure pour r\u00e9pondre \u00e0 tous vos besoins. Visitez notre site pour en savoir plus et trouver l'inspiration pour votre prochain projet de r\u00e9novation.","robots":{"index":"index","follow":"follow","max-snippet":"max-snippet:-1","max-image-preview":"max-image-preview:large","max-video-preview":"max-video-preview:-1"},"canonical":"https:\/\/scavolinistorebrussels.com\/SSBWEB11\/collection_produits\/","og_locale":"fr_FR","og_type":"article","og_title":"Collection de Produits - Scavolini Store Brussels Officiel","og_description":"D\u00e9couvrez notre collection de produits Scavolini pour votre maison. Des cuisines modernes et fonctionnelles, des salles de bains \u00e9l\u00e9gantes et des meubles sur mesure pour r\u00e9pondre \u00e0 tous vos besoins. Visitez notre site pour en savoir plus et trouver l'inspiration pour votre prochain projet de r\u00e9novation.","og_url":"https:\/\/scavolinistorebrussels.com\/SSBWEB11\/collection_produits\/","og_site_name":"Scavolini Store Brussels Officiel","article_modified_time":"2023-05-15T09:33:27+00:00","twitter_misc":{"Dur\u00e9e de lecture estim\u00e9e":"1 minute"},"schema":{"@context":"https:\/\/schema.org","@graph":[{"@type":"WebPage","@id":"https:\/\/scavolinistorebrussels.com\/SSBWEB11\/collection_produits\/","url":"https:\/\/scavolinistorebrussels.com\/SSBWEB11\/collection_produits\/","name":"Collection de Produits - Scavolini Store Brussels Officiel","isPartOf":{"@id":"https:\/\/scavolinistorebrussels.com\/SSBWEB11\/#website"},"datePublished":"2016-01-20T13:05:34+00:00","dateModified":"2023-05-15T09:33:27+00:00","description":"D\u00e9couvrez notre collection de produits Scavolini pour votre maison. Des cuisines modernes et fonctionnelles, des salles de bains \u00e9l\u00e9gantes et des meubles sur mesure pour r\u00e9pondre \u00e0 tous vos besoins. Visitez notre site pour en savoir plus et trouver l'inspiration pour votre prochain projet de r\u00e9novation.","breadcrumb":{"@id":"https:\/\/scavolinistorebrussels.com\/SSBWEB11\/collection_produits\/#breadcrumb"},"inLanguage":"fr-FR","potentialAction":[{"@type":"ReadAction","target":["https:\/\/scavolinistorebrussels.com\/SSBWEB11\/collection_produits\/"]}]},{"@type":"BreadcrumbList","@id":"https:\/\/scavolinistorebrussels.com\/SSBWEB11\/collection_produits\/#breadcrumb","itemListElement":[{"@type":"ListItem","position":1,"name":"Accueil","item":"https:\/\/scavolinistorebrussels.com\/SSBWEB11\/"},{"@type":"ListItem","position":2,"name":"Collection de Produits"}]},{"@type":"WebSite","@id":"https:\/\/scavolinistorebrussels.com\/SSBWEB11\/#website","url":"https:\/\/scavolinistorebrussels.com\/SSBWEB11\/","name":"Scavolini Store Brussels Officiel","description":"Scavolini : La qualit\u00e9 italienne en meubles sur mesure \u00e0 Bruxelles.","potentialAction":[{"@type":"SearchAction","target":{"@type":"EntryPoint","urlTemplate":"https:\/\/scavolinistorebrussels.com\/SSBWEB11\/?s={search_term_string}"},"query-input":"required name=search_term_string"}],"inLanguage":"fr-FR"}]}},"_links":{"self":[{"href":"https:\/\/scavolinistorebrussels.com\/SSBWEB11\/wp-json\/wp\/v2\/pages\/20"}],"collection":[{"href":"https:\/\/scavolinistorebrussels.com\/SSBWEB11\/wp-json\/wp\/v2\/pages"}],"about":[{"href":"https:\/\/scavolinistorebrussels.com\/SSBWEB11\/wp-json\/wp\/v2\/types\/page"}],"author":[{"embeddable":true,"href":"https:\/\/scavolinistorebrussels.com\/SSBWEB11\/wp-json\/wp\/v2\/users\/3"}],"replies":[{"embeddable":true,"href":"https:\/\/scavolinistorebrussels.com\/SSBWEB11\/wp-json\/wp\/v2\/comments?post=20"}],"version-history":[{"count":1,"href":"https:\/\/scavolinistorebrussels.com\/SSBWEB11\/wp-json\/wp\/v2\/pages\/20\/revisions"}],"predecessor-version":[{"id":4738,"href":"https:\/\/scavolinistorebrussels.com\/SSBWEB11\/wp-json\/wp\/v2\/pages\/20\/revisions\/4738"}],"wp:attachment":[{"href":"https:\/\/scavolinistorebrussels.com\/SSBWEB11\/wp-json\/wp\/v2\/media?parent=20"}],"curies":[{"name":"wp","href":"https:\/\/api.w.org\/{rel}","templated":true}]}}